{"id":206,"date":"2021-09-03T10:29:40","date_gmt":"2021-09-03T08:29:40","guid":{"rendered":"https:\/\/dyno.com.pl\/wp\/home\/"},"modified":"2025-04-06T11:08:32","modified_gmt":"2025-04-06T09:08:32","slug":"home","status":"publish","type":"page","link":"https:\/\/dyno.pl\/","title":{"rendered":"START"},"content":{"rendered":"\n\n\n\n\n\n\n\n<h2>O NAS<br><\/h2>\n\n\n\n<p>Zajmujemy si\u0119 modyfikacjami oprogramowania sterownik\u00f3w silnika ju\u017c od \nkilkunastu lat, a z elektromechanik\u0105 mamy do czynienia niemal od \ndwudziestu. W tym czasie zaufa\u0142o nam kilka tysi\u0119cy klient\u00f3w, a wielu z \nnich wielokrotnie. <br>Niezmiennie w tym samym miejscu, z takim samym \nzaanga\u017cowaniem. Bez presji czasu, wyniku, z indywidualnym podej\u015bciem do \nka\u017cdego egzemplarza. <br>Ka\u017cda modyfikacja poparta konieczn\u0105 diagnostyk\u0105 i pomiarami na hamowni podwoziowej obci\u0105\u017ceniowej 4WD. <\/p>\n\n\n\n\n\n\n\n<h2>WIELOLETNIA WSP\u00d3\u0141PRACA<br><\/h2>\n\n\n\n<p>GOODHOPE TEAM to sie\u0107 wykwalifikowanych warsztat\u00f3w z ca\u0142ego kraju. Ka\u017cdy z nich oferuje ten sam wysoki poziom modyfikacji programowych dla poprawy osi\u0105g\u00f3w. Wi\u0119kszo\u015b\u0107 posiada profesjonalny sprz\u0119t do diagnostyki samochodowej wielu marek europejskich, ale nie tylko !\n<\/p>\n<p style=\"text-align: justify;\">&nbsp;&nbsp;&nbsp; Wielu z naszych partner\u00f3w, to \nwarsztaty mechaniki pojazdowej maj\u0105ce nierzadko do czynienia z bardzo \nnietypowymi usterkami. Do\u015bwiadczenie jakiego wymaga zdolno\u015b\u0107 ich \nusuwania, jest gwarantem pewno\u015bci, \u017ce oddajecie swoje auto w dobre r\u0119ce.<\/p>\n<p style=\"text-align: justify;\">&nbsp; <br><\/p>\n\n\n\n\n\n\n\n\n\n\n\n\n\n\n<p>Wykorzystujemy oprogramowanie i urz\u0105dzenia wiod\u0105cych producent\u00f3w na rynku.<br><\/p>\n\n\n\n\n<p>W cenie us\u0142ugi zawsze uj\u0119ta jest komputerowa diagnostyka pojazdu.<br><\/p>\n\n\n\n\n<p>Efekt pracy zawsze jest poparty pomiarami osi\u0105g\u00f3w.<br><\/p>\n\n\n\n\n\n\n\n\n<h2>SPECJALIZACJA<br><\/h2>\n\n\n\n<p>Specjalizujemy si\u0119 w modyfikacjach samochod\u00f3w osobowych i dostawczych. Wyposa\u017cone w turbodo\u0142adowane silniki nap\u0119dzane etylin\u0105 lub olejem nap\u0119dowym. Zwykle nie starsze ni\u017c 13-14 lat. Cho\u0107 mile widziane s\u0105 zadbane mechanicznie starsze modele samochod\u00f3w. <br><\/p>\n\n\n\n\n\n\n\n\n\n\n\n\n\n\n\n\n\n\n\n\n\n\n\n\n<h2>WYBIERZ GOODHOPE<\/h2>\n\n\n\n<p>Dysponujemy nie tylko profesjonaln\u0105 obci\u0105\u017ceniow\u0105 hamowni\u0105 podwoziow\u0105 \n4WD, ale tak\u017ce sprz\u0119tem wiod\u0105cych producent\u00f3w&nbsp; w \u015bwiecie chiptuningu \npozwalaj\u0105cym na modyfikacj\u0119 szerokiego wachlarza marek i modeli z ca\u0142ego\n \u015bwiata.<br>&nbsp;&nbsp;&nbsp; Funkcje RECOVERY, bazy dost\u0119pu do oryginalnych \nodpowiednik\u00f3w zawarto\u015bci w przypadku poprawek po nieudanej pracy \nkonkurencji to tylko namiastka mo\u017cliwo\u015bci, jakie posiada sprz\u0119t na jakim\n pracujemy. Mo\u017cliwo\u015bci, kt\u00f3re sprawiaj\u0105 \u017ce chiptuning jest jeszcze \nbezpieczniejszy.<\/p>\n\n\n\n\n\n\n<p>W kt\u00f3rym mo\u017cesz wykona\u0107 fachow\u0105 optymalizacj\u0119 parametr\u00f3w silnika twojego samochodu ju\u017c od prawie 20 lat.<\/p>\n\n\n\n\n<p>Wszystkie modyfikacje s\u0105 poparte pomiarami na hamowni podwoziowej obci\u0105\u017ceniowej 4WD. <br><\/p>\n\n\n\n\n<p>Setki zadowolonych klient\u00f3w wraca zlecaj\u0105c us\u0142ug\u0119 modyfikacji w swoich kolejnych samochodach.<\/p>\n\n\n\n\n\n\n\n\n\n\n\n\n\n\n\n\n\n<h2>CO S\u0104DZ\u0104 KLIENCI<br><\/h2>\n\n\n\n\n\n<p><span><span><\/span><\/span><\/p><p class=\"Jtu6Td\"><\/p><p class=\"eX1cmf\"><\/p><p><\/p><p><strong>Pozytywne:<\/strong><span class=\"h5vETc\"><span class=\"PVxqTb\"> <span>Jako\u015b\u0107<\/span><span>,<\/span><\/span><span class=\"PVxqTb\">&nbsp;<span>Profesjonalizm<\/span><span>,<\/span><\/span><span class=\"PVxqTb\"> P<span>unktualno\u015b\u0107<\/span><span>,<\/span><\/span><span class=\"PVxqTb\">&nbsp;<span>Warto\u015b\u0107<\/span><\/span><\/span><span>. Us\u0142uga przeprowadzona profesjonalnie, jestem zadowolony i polecam.<\/span><\/p><p><\/p><p><\/p><p><\/p><p><\/p>\n\n\n\n\n<p><span><span><span>Serdecznie polecam<br>Nie tylko ma ogromn\u0105 wiedz\u0119 ale r\u00f3wnie\u017c jest bardzo sympatycznym cz\u0142owiekiem  otwartym na oczekiwania klienta \ud83d\ude0a<\/span><\/span><\/span><\/p>\n\n\n\n\n<p><span><span><span><span class=\"review-full-text\" tabindex=\"-1\" style=\"\">Bardzo fachowe podej\u015bcie z wysok\u0105 kultur\u0105 osobist\u0105.<br>Ponad to bez dop\u0142at, usuni\u0119cie b\u0142\u0119du hamulca r\u0119cznego, trafna diagnoza problemu z utrat\u0105 mocy oraz szczeg\u00f3\u0142owe wyja\u015bnienie tematu co pomog\u0142o mi w usuni\u0119ciu wady, kt\u00f3rej  nie m\u00f3g\u0142 zdiagnozowa\u0107 m\u00f3j mechanik.<br>Efekt tuningu pozytywny, przyrost mocy satysfakcjonuj\u0105cy.<br><br>Je\u017celi czip tuning, to tylko &#8222;GoodHope&#8221; w Dobrej Nadziei u tego Pana.<br>Polecam z czystym sumieniem.<\/span><\/span><\/span><\/span><\/p>\n\n\n\n\n\n","protected":false},"excerpt":{"rendered":"","protected":false},"author":1,"featured_media":0,"parent":0,"menu_order":0,"comment_status":"closed","ping_status":"closed","template":"","meta":{"pagelayer_contact_templates":[],"_pagelayer_content":"","footnotes":""},"class_list":["post-206","page","type-page","status-publish","hentry"],"_links":{"self":[{"href":"https:\/\/dyno.pl\/index.php?rest_route=\/wp\/v2\/pages\/206","targetHints":{"allow":["GET"]}}],"collection":[{"href":"https:\/\/dyno.pl\/index.php?rest_route=\/wp\/v2\/pages"}],"about":[{"href":"https:\/\/dyno.pl\/index.php?rest_route=\/wp\/v2\/types\/page"}],"author":[{"embeddable":true,"href":"https:\/\/dyno.pl\/index.php?rest_route=\/wp\/v2\/users\/1"}],"replies":[{"embeddable":true,"href":"https:\/\/dyno.pl\/index.php?rest_route=%2Fwp%2Fv2%2Fcomments&post=206"}],"version-history":[{"count":6,"href":"https:\/\/dyno.pl\/index.php?rest_route=\/wp\/v2\/pages\/206\/revisions"}],"predecessor-version":[{"id":337,"href":"https:\/\/dyno.pl\/index.php?rest_route=\/wp\/v2\/pages\/206\/revisions\/337"}],"wp:attachment":[{"href":"https:\/\/dyno.pl\/index.php?rest_route=%2Fwp%2Fv2%2Fmedia&parent=206"}],"curies":[{"name":"wp","href":"https:\/\/api.w.org\/{rel}","templated":true}]}}